{"id":190,"date":"2023-11-08T15:13:36","date_gmt":"2023-11-08T15:13:36","guid":{"rendered":"https:\/\/cotecam.com\/?page_id=190"},"modified":"2024-06-10T18:30:13","modified_gmt":"2024-06-10T18:30:13","slug":"nosotros","status":"publish","type":"page","link":"https:\/\/cotecam.com\/index.php\/nosotros\/","title":{"rendered":"Nosotros"},"content":{"rendered":"\t\t<div data-elementor-type=\"wp-page\" data-elementor-id=\"190\" class=\"elementor elementor-190\" data-elementor-post-type=\"page\">\n\t\t\t\t<div class=\"elementor-element elementor-element-bf158bb e-flex e-con-boxed e-con e-parent\" data-id=\"bf158bb\" data-element_type=\"container\" data-settings=\"{&quot;background_background&quot;:&quot;classic&quot;}\">\n\t\t\t\t\t<div class=\"e-con-inner\">\n\t\t\t\t<div class=\"elementor-element elementor-element-5af1004 animated-slow elementor-invisible elementor-widget elementor-widget-heading\" data-id=\"5af1004\" data-element_type=\"widget\" data-settings=\"{&quot;_animation&quot;:&quot;slideInUp&quot;}\" data-widget_type=\"heading.default\">\n\t\t\t\t\t<h2 class=\"elementor-heading-title elementor-size-default\">Nosotros<\/h2>\t\t\t\t<\/div>\n\t\t\t\t\t<\/div>\n\t\t\t\t<\/div>\n\t\t<div class=\"elementor-element elementor-element-4528d345 e-con-full e-flex e-con e-parent\" data-id=\"4528d345\" data-element_type=\"container\" data-settings=\"{&quot;background_background&quot;:&quot;classic&quot;}\">\n\t\t<div class=\"elementor-element elementor-element-5643e10a e-con-full e-flex e-con e-child\" data-id=\"5643e10a\" data-element_type=\"container\" data-settings=\"{&quot;background_background&quot;:&quot;classic&quot;}\">\n\t\t\t\t<div class=\"elementor-element elementor-element-8360878 animated-slow elementor-invisible elementor-widget elementor-widget-heading\" data-id=\"8360878\" data-element_type=\"widget\" data-settings=\"{&quot;_animation&quot;:&quot;slideInUp&quot;}\" data-widget_type=\"heading.default\">\n\t\t\t\t\t<h2 class=\"elementor-heading-title elementor-size-default\">QUI\u00c9NES SOMOS<\/h2>\t\t\t\t<\/div>\n\t\t\t\t<div class=\"elementor-element elementor-element-2f2f1f2 elementor-widget elementor-widget-text-editor\" data-id=\"2f2f1f2\" data-element_type=\"widget\" data-widget_type=\"text-editor.default\">\n\t\t\t\t\t\t\t\t\t<p><span style=\"font-size: 16px;\">Somos una empresa mexicana, integrada por profesionales con:<\/span><\/p><ul><li>M\u00e1s de 15 a\u00f1os de experiencia en el mercado de telecomunicaciones y TI.<\/li><li>M\u00e1s de 55 a\u00f1os de experiencia en el mantenimiento y reparaci\u00f3n de Equipos de Laboratorio M\u00e9dico y de Hospitales.<\/li><li>Somos proveedores de servicios MULTIMARCA con oficinas corporativas en la Ciudad de M\u00e9xico.<\/li><\/ul>\t\t\t\t\t\t\t\t<\/div>\n\t\t\t\t<\/div>\n\t\t<div class=\"elementor-element elementor-element-1e688eba e-con-full e-flex e-con e-child\" data-id=\"1e688eba\" data-element_type=\"container\" data-settings=\"{&quot;background_background&quot;:&quot;classic&quot;}\">\n\t\t\t\t<\/div>\n\t\t\t\t<\/div>\n\t\t<div class=\"elementor-element elementor-element-5efd9cb e-flex e-con-boxed e-con e-parent\" data-id=\"5efd9cb\" data-element_type=\"container\">\n\t\t\t\t\t<div class=\"e-con-inner\">\n\t\t<div class=\"elementor-element elementor-element-1099665 e-con-full e-flex e-con e-child\" data-id=\"1099665\" data-element_type=\"container\">\n\t\t\t\t<div class=\"elementor-element elementor-element-5deb8ee elementor-widget elementor-widget-image\" data-id=\"5deb8ee\" data-element_type=\"widget\" data-widget_type=\"image.default\">\n\t\t\t\t\t\t\t\t\t\t\t\t\t\t\t<img fetchpriority=\"high\" decoding=\"async\" width=\"608\" height=\"608\" src=\"https:\/\/cotecam.com\/wp-content\/uploads\/2024\/05\/Mision2.png\" class=\"attachment-large size-large wp-image-647\" alt=\"\" srcset=\"https:\/\/cotecam.com\/wp-content\/uploads\/2024\/05\/Mision2.png 608w, https:\/\/cotecam.com\/wp-content\/uploads\/2024\/05\/Mision2-300x300.png 300w, https:\/\/cotecam.com\/wp-content\/uploads\/2024\/05\/Mision2-150x150.png 150w\" sizes=\"(max-width: 608px) 100vw, 608px\" \/>\t\t\t\t\t\t\t\t\t\t\t\t\t\t\t<\/div>\n\t\t\t\t<div class=\"elementor-element elementor-element-9b5283a animated-slow elementor-invisible elementor-widget elementor-widget-heading\" data-id=\"9b5283a\" data-element_type=\"widget\" data-settings=\"{&quot;_animation&quot;:&quot;slideInUp&quot;}\" data-widget_type=\"heading.default\">\n\t\t\t\t\t<h2 class=\"elementor-heading-title elementor-size-default\">Misi\u00f3n<\/h2>\t\t\t\t<\/div>\n\t\t\t\t<div class=\"elementor-element elementor-element-9c001d5 elementor-widget elementor-widget-text-editor\" data-id=\"9c001d5\" data-element_type=\"widget\" data-widget_type=\"text-editor.default\">\n\t\t\t\t\t\t\t\t\t<p>Nuestra misi\u00f3n de los mantenimientos preventivos de equipos de laboratorio m\u00e9dico es asegurar al cliente la continuidad en el uso y aprovechamiento de los equipos, mediante la implementaci\u00f3n de estrategias que reduzcan la cantidad y costos de mantenimientos correctivos para todos los equipos Biom\u00e9dicos.<\/p>\t\t\t\t\t\t\t\t<\/div>\n\t\t\t\t<\/div>\n\t\t<div class=\"elementor-element elementor-element-4d6f61a e-con-full e-flex e-con e-child\" data-id=\"4d6f61a\" data-element_type=\"container\">\n\t\t\t\t<div class=\"elementor-element elementor-element-288c4c1 elementor-widget elementor-widget-image\" data-id=\"288c4c1\" data-element_type=\"widget\" data-widget_type=\"image.default\">\n\t\t\t\t\t\t\t\t\t\t\t\t\t\t\t<img decoding=\"async\" width=\"608\" height=\"607\" src=\"https:\/\/cotecam.com\/wp-content\/uploads\/2024\/05\/vISION2.png\" class=\"attachment-large size-large wp-image-648\" alt=\"\" srcset=\"https:\/\/cotecam.com\/wp-content\/uploads\/2024\/05\/vISION2.png 608w, https:\/\/cotecam.com\/wp-content\/uploads\/2024\/05\/vISION2-300x300.png 300w, https:\/\/cotecam.com\/wp-content\/uploads\/2024\/05\/vISION2-150x150.png 150w\" sizes=\"(max-width: 608px) 100vw, 608px\" \/>\t\t\t\t\t\t\t\t\t\t\t\t\t\t\t<\/div>\n\t\t\t\t<div class=\"elementor-element elementor-element-3b312ab animated-slow elementor-invisible elementor-widget elementor-widget-heading\" data-id=\"3b312ab\" data-element_type=\"widget\" data-settings=\"{&quot;_animation&quot;:&quot;slideInUp&quot;}\" data-widget_type=\"heading.default\">\n\t\t\t\t\t<h2 class=\"elementor-heading-title elementor-size-default\">Visi\u00f3n<\/h2>\t\t\t\t<\/div>\n\t\t\t\t<div class=\"elementor-element elementor-element-0dfef83 elementor-widget elementor-widget-text-editor\" data-id=\"0dfef83\" data-element_type=\"widget\" data-widget_type=\"text-editor.default\">\n\t\t\t\t\t\t\t\t\t<p>Maximizar la disponibilidad de los equipos para evitar interrupciones en los servicios cr\u00edticos.<\/p><p>Minimizar los tiempos de inactividad mediante la identificaci\u00f3n y resoluci\u00f3n proactiva de posibles problemas antes de que afecten las operaciones.<\/p><p>Cumplir con las regulaciones y est\u00e1ndares de la industria, manteniendo los equipos en conformidad con las normativas locales e internacionales.<\/p><p>Optimizar el rendimiento de los equipos para asegurar resultados consistentes y confiables.<br \/>Fomentar la sostenibilidad, extendiendo la vida \u00fatil de los equipos y reduciendo la necesidad de reemplazos\u00a0frecuentes.<\/p>\t\t\t\t\t\t\t\t<\/div>\n\t\t\t\t<\/div>\n\t\t<div class=\"elementor-element elementor-element-696bdd9 e-con-full e-flex e-con e-child\" data-id=\"696bdd9\" data-element_type=\"container\">\n\t\t\t\t<div class=\"elementor-element elementor-element-ad19d2d elementor-widget elementor-widget-image\" data-id=\"ad19d2d\" data-element_type=\"widget\" data-widget_type=\"image.default\">\n\t\t\t\t\t\t\t\t\t\t\t\t\t\t\t<img decoding=\"async\" width=\"608\" height=\"608\" src=\"https:\/\/cotecam.com\/wp-content\/uploads\/2024\/05\/Valores.png\" class=\"attachment-large size-large wp-image-649\" alt=\"\" srcset=\"https:\/\/cotecam.com\/wp-content\/uploads\/2024\/05\/Valores.png 608w, https:\/\/cotecam.com\/wp-content\/uploads\/2024\/05\/Valores-300x300.png 300w, https:\/\/cotecam.com\/wp-content\/uploads\/2024\/05\/Valores-150x150.png 150w\" sizes=\"(max-width: 608px) 100vw, 608px\" \/>\t\t\t\t\t\t\t\t\t\t\t\t\t\t\t<\/div>\n\t\t\t\t<div class=\"elementor-element elementor-element-7d8e5b7 animated-slow elementor-invisible elementor-widget elementor-widget-heading\" data-id=\"7d8e5b7\" data-element_type=\"widget\" data-settings=\"{&quot;_animation&quot;:&quot;slideInUp&quot;}\" data-widget_type=\"heading.default\">\n\t\t\t\t\t<h2 class=\"elementor-heading-title elementor-size-default\">Valores<\/h2>\t\t\t\t<\/div>\n\t\t\t\t<div class=\"elementor-element elementor-element-105dc18 elementor-widget elementor-widget-text-editor\" data-id=\"105dc18\" data-element_type=\"widget\" data-widget_type=\"text-editor.default\">\n\t\t\t\t\t\t\t\t\t<p>Nuestro compromiso es la atenci\u00f3n oportuna y de respeto total a nuestros clientes, d\u00e1ndoles confianza de nuestros servicios ofrecidos as\u00ed como satisfacer sus necesidades, calidad y tiempo que se merecen en cuanto a la atenci\u00f3n ofrecida.<\/p>\t\t\t\t\t\t\t\t<\/div>\n\t\t\t\t<\/div>\n\t\t\t\t\t<\/div>\n\t\t\t\t<\/div>\n\t\t<div class=\"elementor-element elementor-element-4e08ffb e-flex e-con-boxed e-con e-parent\" data-id=\"4e08ffb\" data-element_type=\"container\" data-settings=\"{&quot;background_background&quot;:&quot;classic&quot;}\">\n\t\t\t\t\t<div class=\"e-con-inner\">\n\t\t\t\t<div class=\"elementor-element elementor-element-800a67b elementor-widget elementor-widget-text-editor\" data-id=\"800a67b\" data-element_type=\"widget\" data-widget_type=\"text-editor.default\">\n\t\t\t\t\t\t\t\t\t<p>Contamos con los recursos y la infraestructura, para ofrecer a nuestros clientes soluciones acordes a cada una de sus necesidades.<\/p>\t\t\t\t\t\t\t\t<\/div>\n\t\t\t\t\t<\/div>\n\t\t\t\t<\/div>\n\t\t<div class=\"elementor-element elementor-element-a2d5ea4 e-flex e-con-boxed e-con e-parent\" data-id=\"a2d5ea4\" data-element_type=\"container\" data-settings=\"{&quot;background_background&quot;:&quot;classic&quot;}\">\n\t\t\t\t\t<div class=\"e-con-inner\">\n\t\t\t\t<div class=\"elementor-element elementor-element-ebf1b29 elementor-widget elementor-widget-image\" data-id=\"ebf1b29\" data-element_type=\"widget\" data-widget_type=\"image.default\">\n\t\t\t\t\t\t\t\t\t\t\t\t\t\t\t<img loading=\"lazy\" decoding=\"async\" width=\"1024\" height=\"768\" src=\"https:\/\/cotecam.com\/wp-content\/uploads\/2023\/11\/shutterstock_143748607copy-1024x768.png\" class=\"attachment-large size-large wp-image-235\" alt=\"\" srcset=\"https:\/\/cotecam.com\/wp-content\/uploads\/2023\/11\/shutterstock_143748607copy-1024x768.png 1024w, https:\/\/cotecam.com\/wp-content\/uploads\/2023\/11\/shutterstock_143748607copy-300x225.png 300w, https:\/\/cotecam.com\/wp-content\/uploads\/2023\/11\/shutterstock_143748607copy-768x576.png 768w, https:\/\/cotecam.com\/wp-content\/uploads\/2023\/11\/shutterstock_143748607copy-600x450.png 600w, https:\/\/cotecam.com\/wp-content\/uploads\/2023\/11\/shutterstock_143748607copy.png 1500w\" sizes=\"(max-width: 1024px) 100vw, 1024px\" \/>\t\t\t\t\t\t\t\t\t\t\t\t\t\t\t<\/div>\n\t\t<div class=\"elementor-element elementor-element-f7e35d7 e-con-full e-flex e-con e-child\" data-id=\"f7e35d7\" data-element_type=\"container\">\n\t\t\t\t<div class=\"elementor-element elementor-element-48fa96a animated-slow elementor-invisible elementor-widget elementor-widget-heading\" data-id=\"48fa96a\" data-element_type=\"widget\" data-settings=\"{&quot;_animation&quot;:&quot;slideInUp&quot;}\" data-widget_type=\"heading.default\">\n\t\t\t\t\t<h2 class=\"elementor-heading-title elementor-size-default\">EXPERIENCIA CON M\u00c1S DE 55 A\u00d1OS EN:<\/h2>\t\t\t\t<\/div>\n\t\t\t\t<div class=\"elementor-element elementor-element-98eb424 elementor-widget elementor-widget-text-editor\" data-id=\"98eb424\" data-element_type=\"widget\" data-widget_type=\"text-editor.default\">\n\t\t\t\t\t\t\t\t\t<ul><li>Instituciones de Salud en el Sector Gobierno<\/li><li>Universidades P\u00fablicas y Privadas: Universidad Nacional<br \/>Aut\u00f3noma de M\u00e9xico, Universidad Aut\u00f3noma<br \/>Metropolitana, Universidad Aut\u00f3noma de Tabasco,<br \/>Instituto Polit\u00e9cnico Nacional, Escuela Nacional de<br \/>Ciencias Biol\u00f3gicas, Universidad Iberoamericana, y m\u00e1s.<\/li><li>Hospitales P\u00fablicos y Privados: Hospitales: Grupo<br \/>Angeles, IMSS, entre otros<\/li><li>Empresas Privadas: Investigaci\u00f3n Aplicada SA de CV,<br \/>Tehuac\u00e1n Puebla, Grupo Bachoco , Celaya Gto,..<\/li><li>Laboratorios cl\u00ednicos: Laboratorio de an\u00e1lisis cl\u00ednicos y de<br \/>gen\u00e9tica, Laboratorio de An\u00e1lisis CEPAP, Olarte y Akle<\/li><\/ul>\t\t\t\t\t\t\t\t<\/div>\n\t\t\t\t<div class=\"elementor-element elementor-element-302187c elementor-align-left elementor-mobile-align-center elementor-widget elementor-widget-button\" data-id=\"302187c\" data-element_type=\"widget\" data-widget_type=\"button.default\">\n\t\t\t\t\t\t\t\t\t\t<a class=\"elementor-button elementor-button-link elementor-size-sm elementor-animation-grow\" href=\"#\">\n\t\t\t\t\t\t<span class=\"elementor-button-content-wrapper\">\n\t\t\t\t\t\t\t\t\t<span class=\"elementor-button-text\">CONTACTO<\/span>\n\t\t\t\t\t<\/span>\n\t\t\t\t\t<\/a>\n\t\t\t\t\t\t\t\t<\/div>\n\t\t\t\t<\/div>\n\t\t\t\t\t<\/div>\n\t\t\t\t<\/div>\n\t\t<div class=\"elementor-element elementor-element-66efba5 e-flex e-con-boxed e-con e-parent\" data-id=\"66efba5\" data-element_type=\"container\" data-settings=\"{&quot;background_background&quot;:&quot;classic&quot;}\">\n\t\t\t\t\t<div class=\"e-con-inner\">\n\t\t\t\t<div class=\"elementor-element elementor-element-18aa844 elementor-widget elementor-widget-text-editor\" data-id=\"18aa844\" data-element_type=\"widget\" data-widget_type=\"text-editor.default\">\n\t\t\t\t\t\t\t\t\t<p>Servicio en la Ciudad de M\u00e9xico y Estados de la\u00a0 Rep\u00fablica Mexicana.<\/p>\t\t\t\t\t\t\t\t<\/div>\n\t\t\t\t\t<\/div>\n\t\t\t\t<\/div>\n\t\t\t\t<\/div>\n\t\t","protected":false},"excerpt":{"rendered":"<p>Nosotros QUI\u00c9NES SOMOS Somos una empresa mexicana, integrada por profesionales con: M\u00e1s de 15 a\u00f1os de experiencia en el mercado de telecomunicaciones y TI. M\u00e1s de 55 a\u00f1os de experiencia en el mantenimiento y reparaci\u00f3n de Equipos de Laboratorio M\u00e9dico y de Hospitales. Somos proveedores de servicios MULTIMARCA con oficinas corporativas en la Ciudad de [&hellip;]<\/p>\n","protected":false},"author":1,"featured_media":0,"parent":0,"menu_order":0,"comment_status":"closed","ping_status":"closed","template":"","meta":{"site-sidebar-layout":"no-sidebar","site-content-layout":"","ast-site-content-layout":"full-width-container","site-content-style":"default","site-sidebar-style":"default","ast-global-header-display":"","ast-banner-title-visibility":"","ast-main-header-display":"","ast-hfb-above-header-display":"","ast-hfb-below-header-display":"","ast-hfb-mobile-header-display":"","site-post-title":"disabled","ast-breadcrumbs-content":"","ast-featured-img":"disabled","footer-sml-layout":"","theme-transparent-header-meta":"","adv-header-id-meta":"","stick-header-meta":"","header-above-stick-meta":"","header-main-stick-meta":"","header-below-stick-meta":"","astra-migrate-meta-layouts":"default","ast-page-background-enabled":"default","ast-page-background-meta":{"desktop":{"background-color":"var(--ast-global-color-4)","background-image":"","background-repeat":"repeat","background-position":"center center","background-size":"auto","background-attachment":"scroll","background-type":"","background-media":"","overlay-type":"","overlay-color":"","overlay-opacity":"","overlay-gradient":""},"tablet":{"background-color":"","background-image":"","background-repeat":"repeat","background-position":"center center","background-size":"auto","background-attachment":"scroll","background-type":"","background-media":"","overlay-type":"","overlay-color":"","overlay-opacity":"","overlay-gradient":""},"mobile":{"background-color":"","background-image":"","background-repeat":"repeat","background-position":"center center","background-size":"auto","background-attachment":"scroll","background-type":"","background-media":"","overlay-type":"","overlay-color":"","overlay-opacity":"","overlay-gradient":""}},"ast-content-background-meta":{"desktop":{"background-color":"var(--ast-global-color-5)","background-image":"","background-repeat":"repeat","background-position":"center center","background-size":"auto","background-attachment":"scroll","background-type":"","background-media":"","overlay-type":"","overlay-color":"","overlay-opacity":"","overlay-gradient":""},"tablet":{"background-color":"var(--ast-global-color-5)","background-image":"","background-repeat":"repeat","background-position":"center center","background-size":"auto","background-attachment":"scroll","background-type":"","background-media":"","overlay-type":"","overlay-color":"","overlay-opacity":"","overlay-gradient":""},"mobile":{"background-color":"var(--ast-global-color-5)","background-image":"","background-repeat":"repeat","background-position":"center center","background-size":"auto","background-attachment":"scroll","background-type":"","background-media":"","overlay-type":"","overlay-color":"","overlay-opacity":"","overlay-gradient":""}},"_joinchat":[],"footnotes":""},"class_list":["post-190","page","type-page","status-publish","hentry"],"_links":{"self":[{"href":"https:\/\/cotecam.com\/index.php\/wp-json\/wp\/v2\/pages\/190","targetHints":{"allow":["GET"]}}],"collection":[{"href":"https:\/\/cotecam.com\/index.php\/wp-json\/wp\/v2\/pages"}],"about":[{"href":"https:\/\/cotecam.com\/index.php\/wp-json\/wp\/v2\/types\/page"}],"author":[{"embeddable":true,"href":"https:\/\/cotecam.com\/index.php\/wp-json\/wp\/v2\/users\/1"}],"replies":[{"embeddable":true,"href":"https:\/\/cotecam.com\/index.php\/wp-json\/wp\/v2\/comments?post=190"}],"version-history":[{"count":70,"href":"https:\/\/cotecam.com\/index.php\/wp-json\/wp\/v2\/pages\/190\/revisions"}],"predecessor-version":[{"id":792,"href":"https:\/\/cotecam.com\/index.php\/wp-json\/wp\/v2\/pages\/190\/revisions\/792"}],"wp:attachment":[{"href":"https:\/\/cotecam.com\/index.php\/wp-json\/wp\/v2\/media?parent=190"}],"curies":[{"name":"wp","href":"https:\/\/api.w.org\/{rel}","templated":true}]}}