{"id":966,"date":"2025-07-26T20:30:12","date_gmt":"2025-07-26T20:30:12","guid":{"rendered":"https:\/\/cotecam.com\/?post_type=product&#038;p=966"},"modified":"2025-07-27T21:30:09","modified_gmt":"2025-07-27T21:30:09","slug":"microscopio-binocular-basico-ve-b1","status":"publish","type":"product","link":"https:\/\/cotecam.com\/index.php\/producto\/microscopio-binocular-basico-ve-b1\/","title":{"rendered":"Microscopio binocular b\u00e1sico VE-B1 VeLab Objetivos: 4X, 10X, 40X e inmersi\u00f3n 100X (retr\u00e1ctiles), Oculares: WF 10X\/20 mm, Iluminaci\u00f3n: LED,Alimentaci\u00f3n: 3 bater\u00edas AA recargables de 1.2V (incluidas). CA 110\/240V, 50\/60 Hz."},"content":{"rendered":"<p><img fetchpriority=\"high\" decoding=\"async\" class=\"alignnone size-medium wp-image-967\" src=\"https:\/\/cotecam.com\/wp-content\/uploads\/2025\/07\/microscopio-velab-VE-B1-273x300.png\" alt=\"\" width=\"273\" height=\"300\" srcset=\"https:\/\/cotecam.com\/wp-content\/uploads\/2025\/07\/microscopio-velab-VE-B1-273x300.png 273w, https:\/\/cotecam.com\/wp-content\/uploads\/2025\/07\/microscopio-velab-VE-B1.png 305w\" sizes=\"(max-width: 273px) 100vw, 273px\" \/><img decoding=\"async\" class=\"alignnone size-medium wp-image-968\" src=\"https:\/\/cotecam.com\/wp-content\/uploads\/2025\/07\/microscopio-velab-VE-B1-2-187x300.png\" alt=\"\" width=\"187\" height=\"300\" srcset=\"https:\/\/cotecam.com\/wp-content\/uploads\/2025\/07\/microscopio-velab-VE-B1-2-187x300.png 187w, https:\/\/cotecam.com\/wp-content\/uploads\/2025\/07\/microscopio-velab-VE-B1-2.png 305w\" sizes=\"(max-width: 187px) 100vw, 187px\" \/><\/p>\n<p>&nbsp;<\/p>\n","protected":false},"excerpt":{"rendered":"<p>&nbsp;<\/p>\n","protected":false},"featured_media":967,"comment_status":"open","ping_status":"closed","template":"","meta":{"site-sidebar-layout":"default","site-content-layout":"","ast-site-content-layout":"default","site-content-style":"default","site-sidebar-style":"default","ast-global-header-display":"","ast-banner-title-visibility":"","ast-main-header-display":"","ast-hfb-above-header-display":"","ast-hfb-below-header-display":"","ast-hfb-mobile-header-display":"","site-post-title":"","ast-breadcrumbs-content":"","ast-featured-img":"","footer-sml-layout":"","theme-transparent-header-meta":"default","adv-header-id-meta":"","stick-header-meta":"","header-above-stick-meta":"","header-main-stick-meta":"","header-below-stick-meta":"","astra-migrate-meta-layouts":"set","ast-page-background-enabled":"default","ast-page-background-meta":{"desktop":{"background-color":"var(--ast-global-color-4)","background-image":"","background-repeat":"repeat","background-position":"center center","background-size":"auto","background-attachment":"scroll","background-type":"","background-media":"","overlay-type":"","overlay-color":"","overlay-opacity":"","overlay-gradient":""},"tablet":{"background-color":"","background-image":"","background-repeat":"repeat","background-position":"center center","background-size":"auto","background-attachment":"scroll","background-type":"","background-media":"","overlay-type":"","overlay-color":"","overlay-opacity":"","overlay-gradient":""},"mobile":{"background-color":"","background-image":"","background-repeat":"repeat","background-position":"center center","background-size":"auto","background-attachment":"scroll","background-type":"","background-media":"","overlay-type":"","overlay-color":"","overlay-opacity":"","overlay-gradient":""}},"ast-content-background-meta":{"desktop":{"background-color":"var(--ast-global-color-5)","background-image":"","background-repeat":"repeat","background-position":"center center","background-size":"auto","background-attachment":"scroll","background-type":"","background-media":"","overlay-type":"","overlay-color":"","overlay-opacity":"","overlay-gradient":""},"tablet":{"background-color":"var(--ast-global-color-5)","background-image":"","background-repeat":"repeat","background-position":"center center","background-size":"auto","background-attachment":"scroll","background-type":"","background-media":"","overlay-type":"","overlay-color":"","overlay-opacity":"","overlay-gradient":""},"mobile":{"background-color":"var(--ast-global-color-5)","background-image":"","background-repeat":"repeat","background-position":"center center","background-size":"auto","background-attachment":"scroll","background-type":"","background-media":"","overlay-type":"","overlay-color":"","overlay-opacity":"","overlay-gradient":""}},"_joinchat":[]},"product_brand":[],"product_cat":[34,30],"product_tag":[],"class_list":{"0":"post-966","1":"product","2":"type-product","3":"status-publish","4":"has-post-thumbnail","6":"product_cat-equipo-de-video-grado-medico","7":"product_cat-microscopios","8":"desktop-align-left","9":"tablet-align-left","10":"mobile-align-left","12":"first","13":"instock","14":"featured","15":"shipping-taxable","16":"purchasable","17":"product-type-simple"},"_links":{"self":[{"href":"https:\/\/cotecam.com\/index.php\/wp-json\/wp\/v2\/product\/966","targetHints":{"allow":["GET"]}}],"collection":[{"href":"https:\/\/cotecam.com\/index.php\/wp-json\/wp\/v2\/product"}],"about":[{"href":"https:\/\/cotecam.com\/index.php\/wp-json\/wp\/v2\/types\/product"}],"replies":[{"embeddable":true,"href":"https:\/\/cotecam.com\/index.php\/wp-json\/wp\/v2\/comments?post=966"}],"wp:featuredmedia":[{"embeddable":true,"href":"https:\/\/cotecam.com\/index.php\/wp-json\/wp\/v2\/media\/967"}],"wp:attachment":[{"href":"https:\/\/cotecam.com\/index.php\/wp-json\/wp\/v2\/media?parent=966"}],"wp:term":[{"taxonomy":"product_brand","embeddable":true,"href":"https:\/\/cotecam.com\/index.php\/wp-json\/wp\/v2\/product_brand?post=966"},{"taxonomy":"product_cat","embeddable":true,"href":"https:\/\/cotecam.com\/index.php\/wp-json\/wp\/v2\/product_cat?post=966"},{"taxonomy":"product_tag","embeddable":true,"href":"https:\/\/cotecam.com\/index.php\/wp-json\/wp\/v2\/product_tag?post=966"}],"curies":[{"name":"wp","href":"https:\/\/api.w.org\/{rel}","templated":true}]}}